{"id":34,"date":"2011-04-20T04:04:52","date_gmt":"2011-04-20T04:04:52","guid":{"rendered":"http:\/\/173.192.220.106\/~ordex\/?page_id=34"},"modified":"2011-04-20T04:47:55","modified_gmt":"2011-04-20T04:47:55","slug":"ecriture-de-politiques-et-procedures","status":"publish","type":"page","link":"https:\/\/Ordex.qc.ca\/?page_id=34","title":{"rendered":"\u00c9criture de politiques et proc\u00e9dures"},"content":{"rendered":"<p><strong>D\u00e9finition :<\/strong><\/p>\n<p style=\"text-align: justify;\">Divulgation des \u00e9nonc\u00e9s d\u00e9crivant les directives valid\u00e9es par l\u2019entreprise ainsi que les moyens afin d\u2019amener une action coh\u00e9rente au sein de l\u2019entreprise afin d\u2019atteindre les buts d\u00e9finis par la direction.<\/p>\n<p><strong>Description :<\/strong><\/p>\n<p style=\"text-align: justify;\">Les politiques et proc\u00e9dures sont toujours existantes bien que peu de compagnies ont \u00e9crit celles-ci. Le probl\u00e8me c\u2019est qu\u2019on ne diffuse pas les normes et directives qu\u2019on veut voir appliqu\u00e9es dans l\u2019entreprise. On assume que tout le monde conna\u00eet celles-ci.<\/p>\n<p><strong>Ce qu\u2019on fait pour vous :<\/strong><\/p>\n<ul>\n<li>Analyse des directives valid\u00e9es par l\u2019entreprise.<\/li>\n<li>D\u00e9finition des buts \u00e0 atteindre par l\u2019entreprise<\/li>\n<li>\u00c9valuation des actions permises<\/li>\n<li>\u00c9valuation des actions d\u00e9fendues<\/li>\n<li>Rencontre avec les diff\u00e9rents niveaux de d\u00e9cision pour conna\u00eetre les directives des d\u00e9partements<\/li>\n<li>Approbation des directives sugg\u00e9r\u00e9es par la direction concern\u00e9e<\/li>\n<li>\u00c9criture du cahier de politiques et proc\u00e9dures<\/li>\n<li>D\u00e9finition des proc\u00e9dures \u00e0 appliquer aux diverses circonstances<\/li>\n<li>Divulgation des politiques et proc\u00e9dures et engagement du personnel \u00e0 respecter ces politiques et proc\u00e9dures.<\/li>\n<li>Cr\u00e9ation d\u2019un cahier d\u2019engagement aux politiques et proc\u00e9dures de l\u2019entreprise.<\/li>\n<\/ul>\n<p>&nbsp;<\/p>\n","protected":false},"excerpt":{"rendered":"<p>D\u00e9finition : Divulgation des \u00e9nonc\u00e9s d\u00e9crivant les directives valid\u00e9es par l\u2019entreprise ainsi que les moyens afin d\u2019amener une action coh\u00e9rente au sein de l\u2019entreprise afin d\u2019atteindre les buts d\u00e9finis par la direction. Description : Les politiques et proc\u00e9dures sont toujours existantes bien que peu de compagnies ont \u00e9crit celles-ci. Le probl\u00e8me c\u2019est qu\u2019on ne diffuse [&hellip;]<\/p>\n","protected":false},"author":1,"featured_media":0,"parent":2,"menu_order":0,"comment_status":"open","ping_status":"closed","template":"","meta":{"footnotes":""},"class_list":["post-34","page","type-page","status-publish","hentry"],"_links":{"self":[{"href":"https:\/\/Ordex.qc.ca\/index.php?rest_route=\/wp\/v2\/pages\/34","targetHints":{"allow":["GET"]}}],"collection":[{"href":"https:\/\/Ordex.qc.ca\/index.php?rest_route=\/wp\/v2\/pages"}],"about":[{"href":"https:\/\/Ordex.qc.ca\/index.php?rest_route=\/wp\/v2\/types\/page"}],"author":[{"embeddable":true,"href":"https:\/\/Ordex.qc.ca\/index.php?rest_route=\/wp\/v2\/users\/1"}],"replies":[{"embeddable":true,"href":"https:\/\/Ordex.qc.ca\/index.php?rest_route=%2Fwp%2Fv2%2Fcomments&post=34"}],"version-history":[{"count":5,"href":"https:\/\/Ordex.qc.ca\/index.php?rest_route=\/wp\/v2\/pages\/34\/revisions"}],"predecessor-version":[{"id":76,"href":"https:\/\/Ordex.qc.ca\/index.php?rest_route=\/wp\/v2\/pages\/34\/revisions\/76"}],"up":[{"embeddable":true,"href":"https:\/\/Ordex.qc.ca\/index.php?rest_route=\/wp\/v2\/pages\/2"}],"wp:attachment":[{"href":"https:\/\/Ordex.qc.ca\/index.php?rest_route=%2Fwp%2Fv2%2Fmedia&parent=34"}],"curies":[{"name":"wp","href":"https:\/\/api.w.org\/{rel}","templated":true}]}}