{"id":21,"date":"2011-04-20T03:38:54","date_gmt":"2011-04-20T03:38:54","guid":{"rendered":"http:\/\/173.192.220.106\/~ordex\/?page_id=21"},"modified":"2011-04-20T04:48:19","modified_gmt":"2011-04-20T04:48:19","slug":"elaboration-de-plan-directeur","status":"publish","type":"page","link":"https:\/\/Ordex.qc.ca\/?page_id=21","title":{"rendered":"\u00c9laboration de plan directeur"},"content":{"rendered":"<p><strong>D\u00e9finition : <\/strong><\/p>\n<p style=\"text-align: justify;\">Ensemble des directives n\u00e9cessaires pour mettre en place, conform\u00e9ment \u00e0 une direction d\u2019entreprise, les changements \u00e0 apporter \u00e0 un syst\u00e8me ou un ensemble de syst\u00e8mes de mani\u00e8re \u00e0 l\u2019acqu\u00e9rir, l\u2019optimiser ou en faire la r\u00e9-ing\u00e9nierie ou en disposer.<\/p>\n<p style=\"text-align: justify;\">\n<strong>Description : <\/strong><\/p>\n<p style=\"text-align: justify;\">Le plan directeur sert \u00e0 diffuser l\u2019ensemble des mouvements n\u00e9cessaires pour permettre l\u2019\u00e9valuation, la quantification et l\u2019organisation des processus \u00e0 mettre en place pour apporter les changement \u00e0 un syst\u00e8me. Un plan directeur pr\u00e9sume que les objectifs d\u2019entreprise sont connus.<\/p>\n<p style=\"text-align: justify;\">Le plan directeur sert surtout aux techniciens et aux administrateurs de syst\u00e8mes qui dans le cours de leurs op\u00e9rations ne peuvent pas tout conna\u00eetre et tout \u00e9tudier. \u00c0 cause de cela, ceux-ci ont besoin d\u2019experts afin d\u2019identifier les moyens d\u2019arriver \u00e0 une conclusion d\u2019un probl\u00e8me.<\/p>\n<p><strong>Ce qu\u2019on fait pour vous: <\/strong><\/p>\n<p>&nbsp;<\/p>\n<ul>\n<li>D\u00e9finition des politiques de gestion informatique<\/li>\n<li>D\u00e9finir les proc\u00e9d\u00e9s, l\u2019information et les flux d\u2019information de l\u2019entreprise.<\/li>\n<li>D\u00e9finir l\u2019architecture des donn\u00e9es et traitements\u00a0 de l\u2019entreprise.<\/li>\n<li>D\u00e9finir l\u2019architecture technologique.<\/li>\n<li>Int\u00e9gration des architectures.<\/li>\n<li>Identification et recueil des besoins, des orientations, des objectifs, des enjeux et bilans de la situation actuelle.<\/li>\n<li>Conception des cibles en fonction des sc\u00e9narios s\u00e9lectionn\u00e9s et d\u00e9finition des trajectoires.<\/li>\n<li>D\u00e9finition du plan d\u2019action et des budgets relatifs au sc\u00e9nario retenu<\/li>\n<li>D\u00e9finition des proc\u00e9dures de suivi, d\u2019actualisation et de mise en \u0153uvre du plan.<\/li>\n<li>\u00c9valuation des co\u00fbts, services rendus, risques et enjeux.<\/li>\n<li>\u00c9laboration d\u2019un bilan comparatif des diverses solutions entre elles ou bien par rapport \u00e0 la situation existante<\/li>\n<li>Choix par les d\u00e9cideurs de la solution la plus adapt\u00e9e.<\/li>\n<li>\u00c9tude \u00e9conomique et \u00e9tude d\u2019impact<\/li>\n<li>Int\u00e9gration des architectures syst\u00e8me, technologique et organisationnelle.<\/li>\n<\/ul>\n<p>&nbsp;<\/p>\n","protected":false},"excerpt":{"rendered":"<p>D\u00e9finition : Ensemble des directives n\u00e9cessaires pour mettre en place, conform\u00e9ment \u00e0 une direction d\u2019entreprise, les changements \u00e0 apporter \u00e0 un syst\u00e8me ou un ensemble de syst\u00e8mes de mani\u00e8re \u00e0 l\u2019acqu\u00e9rir, l\u2019optimiser ou en faire la r\u00e9-ing\u00e9nierie ou en disposer. Description : Le plan directeur sert \u00e0 diffuser l\u2019ensemble des mouvements n\u00e9cessaires pour permettre l\u2019\u00e9valuation, [&hellip;]<\/p>\n","protected":false},"author":1,"featured_media":0,"parent":2,"menu_order":0,"comment_status":"open","ping_status":"closed","template":"","meta":{"footnotes":""},"class_list":["post-21","page","type-page","status-publish","hentry"],"_links":{"self":[{"href":"https:\/\/Ordex.qc.ca\/index.php?rest_route=\/wp\/v2\/pages\/21","targetHints":{"allow":["GET"]}}],"collection":[{"href":"https:\/\/Ordex.qc.ca\/index.php?rest_route=\/wp\/v2\/pages"}],"about":[{"href":"https:\/\/Ordex.qc.ca\/index.php?rest_route=\/wp\/v2\/types\/page"}],"author":[{"embeddable":true,"href":"https:\/\/Ordex.qc.ca\/index.php?rest_route=\/wp\/v2\/users\/1"}],"replies":[{"embeddable":true,"href":"https:\/\/Ordex.qc.ca\/index.php?rest_route=%2Fwp%2Fv2%2Fcomments&post=21"}],"version-history":[{"count":5,"href":"https:\/\/Ordex.qc.ca\/index.php?rest_route=\/wp\/v2\/pages\/21\/revisions"}],"predecessor-version":[{"id":23,"href":"https:\/\/Ordex.qc.ca\/index.php?rest_route=\/wp\/v2\/pages\/21\/revisions\/23"}],"up":[{"embeddable":true,"href":"https:\/\/Ordex.qc.ca\/index.php?rest_route=\/wp\/v2\/pages\/2"}],"wp:attachment":[{"href":"https:\/\/Ordex.qc.ca\/index.php?rest_route=%2Fwp%2Fv2%2Fmedia&parent=21"}],"curies":[{"name":"wp","href":"https:\/\/api.w.org\/{rel}","templated":true}]}}