{"id":2,"date":"2011-04-19T03:33:52","date_gmt":"2011-04-19T03:33:52","guid":{"rendered":"http:\/\/173.192.220.106\/~ordex\/?page_id=2"},"modified":"2017-10-30T20:46:42","modified_gmt":"2017-10-30T20:46:42","slug":"page-d-exemple","status":"publish","type":"page","link":"https:\/\/Ordex.qc.ca\/","title":{"rendered":"Ordex : champ d&rsquo;activit\u00e9"},"content":{"rendered":"<p>&nbsp;<\/p>\n<p><strong>Ordex inc. est sp\u00e9cialis\u00e9e dans l\u2019orientation d\u2019entreprise. <\/strong><\/p>\n<p style=\"text-align: justify;\">Nous offrons un service-conseil \u00e9largi qui tient compte de la mise en application des recommandations. Le client peut alors choisir de mettre en place la solution ou demander \u00e0 un tiers (nous ou d\u2019autres) de l\u2019implanter. Concr\u00e8tement, nous tentons de nous d\u00e9marquer dans ces domaines :<\/p>\n<p><a href=\" http:\/\/Ordex.qc.ca\/page-d-exemple\/audit-informatique\">Audit informatique<\/a><br \/>\n<a href=\"http:\/\/Ordex.qc.ca\/page-d-exemple\/orientation-strategique\">Orientation strat\u00e9gique<\/a><br \/>\n<a href=\"http:\/\/Ordex.qc.ca\/page-d-exemple\/elaboration-de-plan-directeur\">\u00c9laboration de plan directeur<\/a><br \/>\n<a href=\"http:\/\/Ordex.qc.ca\/page-d-exemple\/ecriture-de-politiques-et-procedures\">\u00c9criture de politiques et proc\u00e9dures<\/a><br \/>\n<a href=\"http:\/\/Ordex.qc.ca\/page-d-exemple\/haute-disponibilite\">Haute disponibilit\u00e9<\/a><br \/>\n<a href=\"http:\/\/Ordex.qc.ca\/page-d-exemple\/le-stockage-sannas\">Le stockage : SAN\/NAS<\/a><br \/>\n<a href=\"http:\/\/Ordex.qc.ca\/page-d-exemple\/solutions-de-sauvegarde\">Les solutions de sauvegardes<\/a><br \/>\n<a href=\"http:\/\/Ordex.qc.ca\/page-d-exemple\/securite-informatique\">La s\u00e9curit\u00e9 informatique<\/a><br \/>\n<a href=\"http:\/\/Ordex.qc.ca\/page-d-exemple\/gestion-de-projets\">La gestion de projets<\/a><\/p>\n<p style=\"text-align: justify;\">Nous avons comme valeurs morales et professionnelles de maintenir une expertise dans chacune de nos pratiques et, un souci d\u2019int\u00e9grit\u00e9 et d\u2019\u00e9quit\u00e9 face \u00e0 chacune des personnes que nous rencontrons.<\/p>\n<p style=\"text-align: justify;\">Form\u00e9e en 1987 \u00e0 Montr\u00e9al, Qu\u00e9bec, cette compagnie est form\u00e9e de v\u00e9t\u00e9rans chevronn\u00e9s engag\u00e9s et de jeunes gens dynamiques qui veulent se d\u00e9marquer dans le monde informatique, tous passionn\u00e9s de technologies et tous conscients que leur travail est d\u2019offrir, \u00e0 leur client\u00e8le, des r\u00e9sultats.<\/p>\n<p style=\"text-align: justify;\">\n<p><span style=\"color: #999999;\"><strong>La passion de la technologie, le d\u00e9fi du r\u00e9sultat.<\/strong><\/span><\/p>\n<p>&nbsp;<\/p>\n","protected":false},"excerpt":{"rendered":"<p>&nbsp; Ordex inc. est sp\u00e9cialis\u00e9e dans l\u2019orientation d\u2019entreprise. Nous offrons un service-conseil \u00e9largi qui tient compte de la mise en application des recommandations. Le client peut alors choisir de mettre en place la solution ou demander \u00e0 un tiers (nous ou d\u2019autres) de l\u2019implanter. Concr\u00e8tement, nous tentons de nous d\u00e9marquer dans ces domaines : Audit [&hellip;]<\/p>\n","protected":false},"author":1,"featured_media":0,"parent":0,"menu_order":0,"comment_status":"open","ping_status":"open","template":"","meta":{"footnotes":""},"class_list":["post-2","page","type-page","status-publish","hentry"],"_links":{"self":[{"href":"https:\/\/Ordex.qc.ca\/index.php?rest_route=\/wp\/v2\/pages\/2","targetHints":{"allow":["GET"]}}],"collection":[{"href":"https:\/\/Ordex.qc.ca\/index.php?rest_route=\/wp\/v2\/pages"}],"about":[{"href":"https:\/\/Ordex.qc.ca\/index.php?rest_route=\/wp\/v2\/types\/page"}],"author":[{"embeddable":true,"href":"https:\/\/Ordex.qc.ca\/index.php?rest_route=\/wp\/v2\/users\/1"}],"replies":[{"embeddable":true,"href":"https:\/\/Ordex.qc.ca\/index.php?rest_route=%2Fwp%2Fv2%2Fcomments&post=2"}],"version-history":[{"count":5,"href":"https:\/\/Ordex.qc.ca\/index.php?rest_route=\/wp\/v2\/pages\/2\/revisions"}],"predecessor-version":[{"id":153,"href":"https:\/\/Ordex.qc.ca\/index.php?rest_route=\/wp\/v2\/pages\/2\/revisions\/153"}],"wp:attachment":[{"href":"https:\/\/Ordex.qc.ca\/index.php?rest_route=%2Fwp%2Fv2%2Fmedia&parent=2"}],"curies":[{"name":"wp","href":"https:\/\/api.w.org\/{rel}","templated":true}]}}